{"id":3071,"date":"2025-10-21T14:28:59","date_gmt":"2025-10-21T12:28:59","guid":{"rendered":"https:\/\/marketplace.vincios.org\/?page_id=3071"},"modified":"2025-10-28T08:49:39","modified_gmt":"2025-10-28T07:49:39","slug":"marketplace","status":"publish","type":"page","link":"https:\/\/marketplace.vincios.org\/es\/marketplace\/","title":{"rendered":"Marketplace"},"content":{"rendered":"<style>.elementor-3071 .elementor-element.elementor-element-bf09f2e:not(.elementor-motion-effects-element-type-background), .elementor-3071 .elementor-element.elementor-element-bf09f2e > .elementor-motion-effects-container > .elementor-motion-effects-layer{background-image:url(\"https:\/\/marketplace.vincios.org\/wp-content\/uploads\/2025\/07\/188034085_809262636632138_4185876163313321081_n.jpg\");background-position:center center;background-size:cover;}.elementor-3071 .elementor-element.elementor-element-bf09f2e > .elementor-background-overlay{background-color:var( --e-global-color-faf5d15 );opacity:0.17;transition:background 0.3s, border-radius 0.3s, opacity 0.3s;}.elementor-3071 .elementor-element.elementor-element-bf09f2e{transition:background 0.3s, border 0.3s, border-radius 0.3s, box-shadow 0.3s;margin-top:0px;margin-bottom:0px;padding:175px 0px 150px 0px;}.elementor-3071 .elementor-element.elementor-element-7a45731.elementor-column > .elementor-widget-wrap{justify-content:center;}.elementor-3071 .elementor-element.elementor-element-7a45731 > .elementor-element-populated{margin:0px 0px 0px 0px;--e-column-margin-right:0px;--e-column-margin-left:0px;padding:0px 0px 0px 0px;}.elementor-3071 .elementor-element.elementor-element-3a9efff{text-align:center;}.elementor-3071 .elementor-element.elementor-element-3a9efff .elementor-heading-title{font-family:var( --e-global-typography-e23dabf-font-family ), Sans-serif;font-size:var( --e-global-typography-e23dabf-font-size );font-weight:var( --e-global-typography-e23dabf-font-weight );text-transform:var( --e-global-typography-e23dabf-text-transform );line-height:var( --e-global-typography-e23dabf-line-height );word-spacing:var( --e-global-typography-e23dabf-word-spacing );color:var( --e-global-color-e64be90 );}.elementor-3071 .elementor-element.elementor-element-47ef281{--display:flex;--margin-top:100px;--margin-bottom:0px;--margin-left:0px;--margin-right:0px;}.elementor-3071 .elementor-element.elementor-element-ec7c46b{text-align:center;}.elementor-3071 .elementor-element.elementor-element-7479079{--display:flex;--flex-direction:column;--container-widget-width:100%;--container-widget-height:initial;--container-widget-flex-grow:0;--container-widget-align-self:initial;--flex-wrap-mobile:wrap;--margin-top:50px;--margin-bottom:50px;--margin-left:0px;--margin-right:0px;}.elementor-3071 .elementor-element.elementor-element-77019d6{text-align:center;}:root{--page-title-display:none;}@media(max-width:1024px){.elementor-3071 .elementor-element.elementor-element-3a9efff .elementor-heading-title{font-size:var( --e-global-typography-e23dabf-font-size );line-height:var( --e-global-typography-e23dabf-line-height );word-spacing:var( --e-global-typography-e23dabf-word-spacing );}.elementor-3071 .elementor-element.elementor-element-ec7c46b{text-align:center;}.elementor-3071 .elementor-element.elementor-element-77019d6{text-align:center;}}@media(max-width:767px){.elementor-3071 .elementor-element.elementor-element-bf09f2e{padding:200px 20px 115px 20px;}.elementor-3071 .elementor-element.elementor-element-3a9efff .elementor-heading-title{font-size:var( --e-global-typography-e23dabf-font-size );line-height:var( --e-global-typography-e23dabf-line-height );word-spacing:var( --e-global-typography-e23dabf-word-spacing );}}<\/style>\t\t<div data-elementor-type=\"wp-page\" data-elementor-id=\"3071\" class=\"elementor elementor-3071\" data-elementor-post-type=\"page\">\n\t\t\t\t\t\t<section class=\"elementor-section elementor-top-section elementor-element elementor-element-bf09f2e elementor-section-boxed elementor-section-height-default elementor-section-height-default\" data-id=\"bf09f2e\" data-element_type=\"section\" data-settings=\"{&quot;background_background&quot;:&quot;classic&quot;}\">\n\t\t\t\t\t\t\t<div class=\"elementor-background-overlay\"><\/div>\n\t\t\t\t\t\t\t<div class=\"elementor-container elementor-column-gap-default\">\n\t\t\t\t\t<div class=\"elementor-column elementor-col-100 elementor-top-column elementor-element elementor-element-7a45731\" data-id=\"7a45731\" data-element_type=\"column\">\n\t\t\t<div class=\"elementor-widget-wrap elementor-element-populated\">\n\t\t\t\t\t\t<div class=\"elementor-element elementor-element-3a9efff elementor-widget elementor-widget-heading\" data-id=\"3a9efff\" data-element_type=\"widget\" data-widget_type=\"heading.default\">\n\t\t\t\t\t<h1 class=\"elementor-heading-title elementor-size-default\">Marketplace<\/h1>\t\t\t\t<\/div>\n\t\t\t\t\t<\/div>\n\t\t<\/div>\n\t\t\t\t\t<\/div>\n\t\t<\/section>\n\t\t<div class=\"elementor-element elementor-element-47ef281 e-flex e-con-boxed e-con e-parent\" data-id=\"47ef281\" data-element_type=\"container\">\n\t\t\t\t\t<div class=\"e-con-inner\">\n\t\t\t\t<div class=\"elementor-element elementor-element-ec7c46b elementor-widget elementor-widget-text-editor\" data-id=\"ec7c46b\" data-element_type=\"widget\" data-widget_type=\"text-editor.default\">\n\t\t\t\t\t\t\t\t\t<p>A <strong data-start=\"131\" data-end=\"175\">Comunidade de Montes Veci\u00f1ais de Vincios<\/strong> ofrece produtos e recursos do monte cultivados e xestionados de forma sostible, desde madeira, le\u00f1a e pastos ata produtos tradicionais e artesanais da zona. Apostamos pola calidade, a sustentabilidade e a preservaci\u00f3n do noso patrimonio natural e cultural, permitindo que persoas e empresas poidan acceder aos nosos recursos de xeito responsable e respectuoso co medio ambiente.<\/p>\t\t\t\t\t\t\t\t<\/div>\n\t\t\t\t\t<\/div>\n\t\t\t\t<\/div>\n\t\t<div class=\"elementor-element elementor-element-7479079 e-flex e-con-boxed e-con e-parent\" data-id=\"7479079\" data-element_type=\"container\">\n\t\t\t\t\t<div class=\"e-con-inner\">\n\t\t\t\t<div class=\"elementor-element elementor-element-77019d6 elementor-widget elementor-widget-text-editor\" data-id=\"77019d6\" data-element_type=\"widget\" data-widget_type=\"text-editor.default\">\n\t\t\t\t\t\t\t\t\t<p>Pr\u00f3ximamente<\/p>\t\t\t\t\t\t\t\t<\/div>\n\t\t\t\t\t<\/div>\n\t\t\t\t<\/div>\n\t\t\t\t<\/div>","protected":false},"excerpt":{"rendered":"<p>Marketplace A Comunidade de Montes Veci\u00f1ais de Vincios ofrece produtos e recursos do monte cultivados e xestionados de forma sostible, desde madeira, le\u00f1a e pastos ata produtos tradicionais e artesanais da zona. Apostamos pola calidade, a sustentabilidade e a preservaci\u00f3n do noso patrimonio natural e cultural, permitindo que persoas e empresas poidan acceder aos nosos [&hellip;]<\/p>","protected":false},"author":1,"featured_media":0,"parent":0,"menu_order":0,"comment_status":"closed","ping_status":"closed","template":"","meta":{"footnotes":""},"class_list":["post-3071","page","type-page","status-publish","hentry"],"yoast_head":"<!-- This site is optimized with the Yoast SEO plugin v26.2 - https:\/\/yoast.com\/wordpress\/plugins\/seo\/ -->\n<title>Marketplace - Marketplace Comunidade de Montes Veci\u00f1ais en Man Com\u00fan de Vincios<\/title>\n<meta name=\"description\" content=\"A Comunidade de Montes Veci\u00f1ais de Vincios ofrece recursos do monte xestionados de forma sostible, desde CO2 ata produtos tradicionais.\" \/>\n<meta name=\"robots\" content=\"index, follow, max-snippet:-1, max-image-preview:large, max-video-preview:-1\" \/>\n<link rel=\"canonical\" href=\"https:\/\/marketplace.vincios.org\/es\/marketplace\/\" \/>\n<meta property=\"og:locale\" content=\"es_ES\" \/>\n<meta property=\"og:type\" content=\"article\" \/>\n<meta property=\"og:title\" content=\"Marketplace - Marketplace Comunidade de Montes Veci\u00f1ais en Man Com\u00fan de Vincios\" \/>\n<meta property=\"og:description\" content=\"A Comunidade de Montes Veci\u00f1ais de Vincios ofrece recursos do monte xestionados de forma sostible, desde CO2 ata produtos tradicionais.\" \/>\n<meta property=\"og:url\" content=\"https:\/\/marketplace.vincios.org\/es\/marketplace\/\" \/>\n<meta property=\"og:site_name\" content=\"Marketplace Comunidade de Montes Veci\u00f1ais en Man Com\u00fan de Vincios\" \/>\n<meta property=\"article:modified_time\" content=\"2025-10-28T07:49:39+00:00\" \/>\n<meta name=\"twitter:card\" content=\"summary_large_image\" \/>\n<script type=\"application\/ld+json\" class=\"yoast-schema-graph\">{\"@context\":\"https:\/\/schema.org\",\"@graph\":[{\"@type\":\"WebPage\",\"@id\":\"https:\/\/marketplace.vincios.org\/marketplace\/\",\"url\":\"https:\/\/marketplace.vincios.org\/marketplace\/\",\"name\":\"Marketplace - Marketplace Comunidade de Montes Veci\u00f1ais en Man Com\u00fan de Vincios\",\"isPartOf\":{\"@id\":\"https:\/\/marketplace.vincios.org\/#website\"},\"datePublished\":\"2025-10-21T12:28:59+00:00\",\"dateModified\":\"2025-10-28T07:49:39+00:00\",\"description\":\"A Comunidade de Montes Veci\u00f1ais de Vincios ofrece recursos do monte xestionados de forma sostible, desde CO2 ata produtos tradicionais.\",\"breadcrumb\":{\"@id\":\"https:\/\/marketplace.vincios.org\/marketplace\/#breadcrumb\"},\"inLanguage\":\"es\",\"potentialAction\":[{\"@type\":\"ReadAction\",\"target\":[\"https:\/\/marketplace.vincios.org\/marketplace\/\"]}]},{\"@type\":\"BreadcrumbList\",\"@id\":\"https:\/\/marketplace.vincios.org\/marketplace\/#breadcrumb\",\"itemListElement\":[{\"@type\":\"ListItem\",\"position\":1,\"name\":\"Inicio\",\"item\":\"https:\/\/marketplace.vincios.org\/\"},{\"@type\":\"ListItem\",\"position\":2,\"name\":\"Marketplace\"}]},{\"@type\":\"WebSite\",\"@id\":\"https:\/\/marketplace.vincios.org\/#website\",\"url\":\"https:\/\/marketplace.vincios.org\/\",\"name\":\"Marketplace Comunidade de Montes Veci\u00f1ais en Man Com\u00fan de Vincios\",\"description\":\"\",\"potentialAction\":[{\"@type\":\"SearchAction\",\"target\":{\"@type\":\"EntryPoint\",\"urlTemplate\":\"https:\/\/marketplace.vincios.org\/?s={search_term_string}\"},\"query-input\":{\"@type\":\"PropertyValueSpecification\",\"valueRequired\":true,\"valueName\":\"search_term_string\"}}],\"inLanguage\":\"es\"}]}<\/script>\n<!-- \/ Yoast SEO plugin. -->","yoast_head_json":{"title":"Marketplace - Marketplace Comunidade de Montes Veci\u00f1ais en Man Com\u00fan de Vincios","description":"A Comunidade de Montes Veci\u00f1ais de Vincios ofrece recursos do monte xestionados de forma sostible, desde CO2 ata produtos tradicionais.","robots":{"index":"index","follow":"follow","max-snippet":"max-snippet:-1","max-image-preview":"max-image-preview:large","max-video-preview":"max-video-preview:-1"},"canonical":"https:\/\/marketplace.vincios.org\/es\/marketplace\/","og_locale":"es_ES","og_type":"article","og_title":"Marketplace - Marketplace Comunidade de Montes Veci\u00f1ais en Man Com\u00fan de Vincios","og_description":"A Comunidade de Montes Veci\u00f1ais de Vincios ofrece recursos do monte xestionados de forma sostible, desde CO2 ata produtos tradicionais.","og_url":"https:\/\/marketplace.vincios.org\/es\/marketplace\/","og_site_name":"Marketplace Comunidade de Montes Veci\u00f1ais en Man Com\u00fan de Vincios","article_modified_time":"2025-10-28T07:49:39+00:00","twitter_card":"summary_large_image","schema":{"@context":"https:\/\/schema.org","@graph":[{"@type":"WebPage","@id":"https:\/\/marketplace.vincios.org\/marketplace\/","url":"https:\/\/marketplace.vincios.org\/marketplace\/","name":"Marketplace - Marketplace Comunidade de Montes Veci\u00f1ais en Man Com\u00fan de Vincios","isPartOf":{"@id":"https:\/\/marketplace.vincios.org\/#website"},"datePublished":"2025-10-21T12:28:59+00:00","dateModified":"2025-10-28T07:49:39+00:00","description":"A Comunidade de Montes Veci\u00f1ais de Vincios ofrece recursos do monte xestionados de forma sostible, desde CO2 ata produtos tradicionais.","breadcrumb":{"@id":"https:\/\/marketplace.vincios.org\/marketplace\/#breadcrumb"},"inLanguage":"es","potentialAction":[{"@type":"ReadAction","target":["https:\/\/marketplace.vincios.org\/marketplace\/"]}]},{"@type":"BreadcrumbList","@id":"https:\/\/marketplace.vincios.org\/marketplace\/#breadcrumb","itemListElement":[{"@type":"ListItem","position":1,"name":"Inicio","item":"https:\/\/marketplace.vincios.org\/"},{"@type":"ListItem","position":2,"name":"Marketplace"}]},{"@type":"WebSite","@id":"https:\/\/marketplace.vincios.org\/#website","url":"https:\/\/marketplace.vincios.org\/","name":"Marketplace Comunidade de Montes Veci\u00f1ais en Man Com\u00fan de Vincios","description":"","potentialAction":[{"@type":"SearchAction","target":{"@type":"EntryPoint","urlTemplate":"https:\/\/marketplace.vincios.org\/?s={search_term_string}"},"query-input":{"@type":"PropertyValueSpecification","valueRequired":true,"valueName":"search_term_string"}}],"inLanguage":"es"}]}},"_links":{"self":[{"href":"https:\/\/marketplace.vincios.org\/es\/wp-json\/wp\/v2\/pages\/3071","targetHints":{"allow":["GET"]}}],"collection":[{"href":"https:\/\/marketplace.vincios.org\/es\/wp-json\/wp\/v2\/pages"}],"about":[{"href":"https:\/\/marketplace.vincios.org\/es\/wp-json\/wp\/v2\/types\/page"}],"author":[{"embeddable":true,"href":"https:\/\/marketplace.vincios.org\/es\/wp-json\/wp\/v2\/users\/1"}],"replies":[{"embeddable":true,"href":"https:\/\/marketplace.vincios.org\/es\/wp-json\/wp\/v2\/comments?post=3071"}],"version-history":[{"count":4,"href":"https:\/\/marketplace.vincios.org\/es\/wp-json\/wp\/v2\/pages\/3071\/revisions"}],"predecessor-version":[{"id":3076,"href":"https:\/\/marketplace.vincios.org\/es\/wp-json\/wp\/v2\/pages\/3071\/revisions\/3076"}],"wp:attachment":[{"href":"https:\/\/marketplace.vincios.org\/es\/wp-json\/wp\/v2\/media?parent=3071"}],"curies":[{"name":"wp","href":"https:\/\/api.w.org\/{rel}","templated":true}]}}