{"id":3102,"date":"2025-10-27T14:28:21","date_gmt":"2025-10-27T13:28:21","guid":{"rendered":"https:\/\/marketplace.vincios.org\/politica-de-cookies\/"},"modified":"2025-10-27T14:39:04","modified_gmt":"2025-10-27T13:39:04","slug":"politica-de-cookies","status":"publish","type":"page","link":"https:\/\/marketplace.vincios.org\/es\/politica-de-cookies\/","title":{"rendered":"Pol\u00edtica de cookies"},"content":{"rendered":"<style>.elementor-3102 .elementor-element.elementor-element-514cab6:not(.elementor-motion-effects-element-type-background), .elementor-3102 .elementor-element.elementor-element-514cab6 > .elementor-motion-effects-container > .elementor-motion-effects-layer{background-image:url(\"https:\/\/marketplace.vincios.org\/wp-content\/uploads\/2025\/07\/188034085_809262636632138_4185876163313321081_n.jpg\");background-position:center center;background-size:cover;}.elementor-3102 .elementor-element.elementor-element-514cab6 > .elementor-background-overlay{background-color:var( --e-global-color-faf5d15 );opacity:0.17;transition:background 0.3s, border-radius 0.3s, opacity 0.3s;}.elementor-3102 .elementor-element.elementor-element-514cab6{transition:background 0.3s, border 0.3s, border-radius 0.3s, box-shadow 0.3s;margin-top:0px;margin-bottom:0px;padding:175px 0px 150px 0px;}.elementor-3102 .elementor-element.elementor-element-a683c5e.elementor-column > .elementor-widget-wrap{justify-content:center;}.elementor-3102 .elementor-element.elementor-element-a683c5e > .elementor-element-populated{margin:0px 0px 0px 0px;--e-column-margin-right:0px;--e-column-margin-left:0px;padding:0px 0px 0px 0px;}.elementor-3102 .elementor-element.elementor-element-e4d840b{text-align:center;}.elementor-3102 .elementor-element.elementor-element-e4d840b .elementor-heading-title{font-family:var( --e-global-typography-e23dabf-font-family ), Sans-serif;font-size:var( --e-global-typography-e23dabf-font-size );font-weight:var( --e-global-typography-e23dabf-font-weight );text-transform:var( --e-global-typography-e23dabf-text-transform );line-height:var( --e-global-typography-e23dabf-line-height );word-spacing:var( --e-global-typography-e23dabf-word-spacing );color:var( --e-global-color-e64be90 );}.elementor-3102 .elementor-element.elementor-element-7eef4a4{--display:flex;}.elementor-3102 .elementor-element.elementor-element-b8701f6{margin:60px 0px calc(var(--kit-widget-spacing, 0px) + 60px) 0px;}:root{--page-title-display:none;}@media(max-width:1024px){.elementor-3102 .elementor-element.elementor-element-e4d840b .elementor-heading-title{font-size:var( --e-global-typography-e23dabf-font-size );line-height:var( --e-global-typography-e23dabf-line-height );word-spacing:var( --e-global-typography-e23dabf-word-spacing );}}@media(max-width:767px){.elementor-3102 .elementor-element.elementor-element-514cab6{padding:200px 20px 115px 20px;}.elementor-3102 .elementor-element.elementor-element-e4d840b .elementor-heading-title{font-size:var( --e-global-typography-e23dabf-font-size );line-height:var( --e-global-typography-e23dabf-line-height );word-spacing:var( --e-global-typography-e23dabf-word-spacing );}}<\/style>\t\t<div data-elementor-type=\"wp-page\" data-elementor-id=\"3102\" class=\"elementor elementor-3102\" data-elementor-post-type=\"page\">\n\t\t\t\t\t\t<section class=\"elementor-section elementor-top-section elementor-element elementor-element-514cab6 elementor-section-boxed elementor-section-height-default elementor-section-height-default\" data-id=\"514cab6\" data-element_type=\"section\" data-settings=\"{&quot;background_background&quot;:&quot;classic&quot;}\">\n\t\t\t\t\t\t\t<div class=\"elementor-background-overlay\"><\/div>\n\t\t\t\t\t\t\t<div class=\"elementor-container elementor-column-gap-default\">\n\t\t\t\t\t<div class=\"elementor-column elementor-col-100 elementor-top-column elementor-element elementor-element-a683c5e\" data-id=\"a683c5e\" data-element_type=\"column\">\n\t\t\t<div class=\"elementor-widget-wrap elementor-element-populated\">\n\t\t\t\t\t\t<div class=\"elementor-element elementor-element-e4d840b elementor-widget elementor-widget-heading\" data-id=\"e4d840b\" data-element_type=\"widget\" data-widget_type=\"heading.default\">\n\t\t\t\t\t<h1 class=\"elementor-heading-title elementor-size-default\">Pol\u00edtica de cookies<\/h1>\t\t\t\t<\/div>\n\t\t\t\t\t<\/div>\n\t\t<\/div>\n\t\t\t\t\t<\/div>\n\t\t<\/section>\n\t\t<div class=\"elementor-element elementor-element-7eef4a4 e-flex e-con-boxed e-con e-parent\" data-id=\"7eef4a4\" data-element_type=\"container\">\n\t\t\t\t\t<div class=\"e-con-inner\">\n\t\t\t\t<div class=\"elementor-element elementor-element-b8701f6 elementor-widget elementor-widget-text-editor\" data-id=\"b8701f6\" data-element_type=\"widget\" data-widget_type=\"text-editor.default\">\n\t\t\t\t\t\t\t\t\t<div class=\"field field--name-body field--type-text-with-summary field--label-hidden field--item\"><p><strong>\u00bfQue son las Cookies?<\/strong><\/p><p>Una cookie es un fichero que se descarga en tu ordenador al acceder a determinadas p\u00e1ginas web. Las cookies permiten a una p\u00e1gina web, entre otras cosas, almacenar y recuperar informaci\u00f3n sobre los h\u00e1bitos de navegaci\u00f3n de un usuario o de su equipo, gestionar el acceso de usuarios a zonas restringidas de la web \u2026etc.<\/p><p class=\"western\">\u00a0<\/p><p class=\"western\"><strong>\u00bfQu\u00e9 cookies se utilizan en la web?<\/strong><\/p><ol><li><p>Cookies necesarias y t\u00e9cnicas<\/p><\/li><\/ol><table width=\"548\"><colgroup> <col width=\"87\" \/> <col width=\"65\" \/> <col width=\"66\" \/> <col width=\"271\" \/> <\/colgroup><tbody><tr><td><p class=\"western\"><span style=\"font-family: Calibri, serif;\">COOKIE<\/span><\/p><\/td><td><p class=\"western\"><span style=\"font-family: Calibri, serif;\">TIPO<\/span><\/p><\/td><td><p class=\"western\"><span style=\"font-family: Calibri, serif;\">DURACI\u00d3N<\/span><\/p><\/td><td><p class=\"western\"><span style=\"font-family: Calibri, serif;\">DESCRIPCI\u00d3N<\/span><\/p><\/td><\/tr><tr><td>cbanner<p class=\"western\">\u00a0<\/p><\/td><td>necesarias<p class=\"western\">\u00a0<\/p><\/td><td>100 d\u00edas<p class=\"western\">\u00a0<\/p><\/td><td>Control banner politica cookies<p class=\"western\">\u00a0<\/p><\/td><\/tr><tr><td><p class=\"western\">\u00a0<\/p><\/td><td><p class=\"western\">\u00a0<\/p><\/td><td><p class=\"western\">\u00a0<\/p><\/td><td><p class=\"western\">\u00a0<\/p><\/td><\/tr><tr><td><p class=\"western\">\u00a0<\/p><\/td><td><p class=\"western\">\u00a0<\/p><\/td><td><p class=\"western\">\u00a0<\/p><\/td><td valign=\"top\"><p class=\"western\">\u00a0<\/p><\/td><\/tr><tr><td><p class=\"western\">\u00a0<\/p><\/td><td><p class=\"western\">\u00a0<\/p><\/td><td><p class=\"western\">\u00a0<\/p><\/td><td valign=\"top\"><p class=\"western\">\u00a0<\/p><\/td><\/tr><tr><td>\u00a0<\/td><td><p class=\"western\">\u00a0<\/p><\/td><td><p class=\"western\">\u00a0<\/p><\/td><td><p class=\"western\">\u00a0<\/p><\/td><\/tr><\/tbody><\/table><ol start=\"2\"><li><p>Cookies anal\u00edticas y de publicidad comportamental (Google).<br \/>\u00a0<\/p><\/li><\/ol><table width=\"548\"><colgroup> <col width=\"79\" \/> <col width=\"71\" \/> <col width=\"71\" \/> <col width=\"268\" \/> <\/colgroup><tbody><tr><td><p class=\"western\"><span style=\"font-family: Calibri, serif;\">COOKIE<\/span><\/p><\/td><td><p class=\"western\"><span style=\"font-family: Calibri, serif;\">TIPO<\/span><\/p><\/td><td><p class=\"western\"><span style=\"font-family: Calibri, serif;\">DURACI\u00d3N<\/span><\/p><\/td><td><p class=\"western\"><span style=\"font-family: Calibri, serif;\">DESCRIPCI\u00d3N<\/span><\/p><\/td><\/tr><tr><td><p class=\"western\"><span style=\"font-family: Calibri, serif;\">YSC<\/span><\/p><\/td><td><p class=\"western\"><span style=\"font-family: Calibri, serif;\">Anal\u00edticas<\/span><\/p><\/td><td><p class=\"western\"><span style=\"font-family: Calibri, serif;\">\u00a0 \u00a0 Sesi\u00f3n<\/span><\/p><\/td><td><p class=\"western\"><span style=\"font-family: Calibri, serif;\">Cookies de terceros. Se utiliza para realizar un seguimiento de las visualizaciones de videos contenidos en Youtube.\u00a0<\/span><\/p><\/td><\/tr><tr><td><p class=\"western\"><span style=\"font-family: Calibri, serif;\">VISITOR_INFO1_LIVE<\/span><\/p><\/td><td><p class=\"western\"><span style=\"font-family: Calibri, serif;\">Anal\u00edticas<\/span><\/p><\/td><td><p class=\"western\"><span style=\"font-family: Calibri, serif;\">6 meses<\/span><\/p><\/td><td><p class=\"western\"><span style=\"font-family: Calibri, serif;\">Cookies de terceros. Se emplea para medir el ancho de banda con el fin de determinar que tipo de productos mostrar.<\/span><\/p><\/td><\/tr><tr><td><p class=\"western\"><span style=\"font-family: Calibri, serif;\">yt-remote-device-id<\/span><\/p><\/td><td><p class=\"western\"><span style=\"font-family: Calibri, serif;\">Anal\u00edticas<\/span><\/p><\/td><td><p class=\"western\"><span style=\"font-family: Calibri, serif;\">Persistente<\/span><\/p><\/td><td><p class=\"western\"><span style=\"font-family: Calibri, serif;\">Cookies de terceros. Se usa para almacenar la configuraci\u00f3n del usuario para los videos de youtube.<\/span><\/p><\/td><\/tr><tr><td><p class=\"western\"><span style=\"font-family: Calibri, serif;\">yt-remote-connected-devices<\/span><\/p><\/td><td><p class=\"western\"><span style=\"font-family: Calibri, serif;\">Anal\u00edticas<\/span><\/p><\/td><td><p class=\"western\"><span style=\"font-family: Calibri, serif;\">Persistente<\/span><\/p><\/td><td><p class=\"western\"><span style=\"font-family: Calibri, serif;\">Cookies de terceros. Se usa para almacenar la configuraci\u00f3n del usuario para los videos de youtube.<\/span><\/p><\/td><\/tr><tr><td><p class=\"western\"><span style=\"font-family: Calibri, serif;\">yt.innertube::requests<\/span><\/p><\/td><td><p class=\"western\"><span style=\"font-family: Calibri, serif;\">Anal\u00edticas<\/span><\/p><\/td><td><p class=\"western\"><span style=\"font-family: Calibri, serif;\">Persistente<\/span><\/p><\/td><td valign=\"top\"><p class=\"western\"><span style=\"font-family: Calibri, serif;\">Cookies de terceros. Se utiliza para registrar y almacenar el ID del usuario que visualiza v\u00eddeos en youtube. <\/span><\/p><\/td><\/tr><tr><td><p class=\"western\"><span style=\"font-family: Calibri, serif;\">yt.innertube::nextId<\/span><\/p><\/td><td><p class=\"western\"><span style=\"font-family: Calibri, serif;\">Anal\u00edticas<\/span><\/p><\/td><td><p class=\"western\"><span style=\"font-family: Calibri, serif;\">Persistente<\/span><\/p><\/td><td valign=\"top\"><p class=\"western\"><span style=\"font-family: Calibri, serif;\">Cookies de terceros. Se utiliza para registrar y almacenar el ID del usuario que visualiza v\u00eddeos en youtube.<\/span><\/p><\/td><\/tr><tr><td><p class=\"western\"><span style=\"font-family: Calibri, serif;\">CONSENT<\/span><\/p><\/td><td><p class=\"western\"><span style=\"font-family: Calibri, serif;\">Anal\u00edticas<\/span><\/p><\/td><td><p class=\"western\"><span style=\"font-family: Calibri, serif;\">2 a\u00f1os<\/span><\/p><\/td><td valign=\"top\"><p class=\"western\"><span style=\"font-family: Calibri, serif;\">Cookies de terceros. Se utiliza para registrar datos estad\u00edsticos de forma an\u00f3nima sobre los v\u00eddeos de Youtube.<\/span><\/p><\/td><\/tr><tr><td><p class=\"western\"><span style=\"font-family: Calibri, serif;\">vuid<\/span><\/p><\/td><td><p class=\"western\"><span style=\"font-family: Calibri, serif;\">Anal\u00edticas<\/span><\/p><\/td><td><p class=\"western\"><span style=\"font-family: Calibri, serif;\">2 a\u00f1os<\/span><\/p><\/td><td valign=\"top\"><p class=\"western\"><span style=\"font-family: Calibri, serif;\">Cookies de terceros. Se utiliza para registrar la informaci\u00f3n de configuraci\u00f3n y para incorporar v\u00eddeos en la web.<\/span><\/p><\/td><\/tr><\/tbody><\/table><p><strong>\u00bfPor qu\u00e9 podemos usar las cookies?<\/strong><\/p><p>COOKIES NECESARIAS: Estas cookies se encuentran fuera del \u00e1mbito de aplicaci\u00f3n de la normativa de protecci\u00f3n de datos y el usuario no tiene la opci\u00f3n de consentir sobre el uso de las mismas.<\/p><p>RESTO DE COOKIES: podemos usar el resto de cookies porque nos ha dado su consentimiento.<\/p><p><strong>\u00bfTendr\u00e1 la posibilidad de retirar el consentimiento?<\/strong><\/p><p>Tendr\u00e1 la posibilidad y el derecho de retirar su consentimiento, a trav\u00e9s del widget situado en la zona inferior de la pantalla.<\/p><p><strong>\u00bfComo puedo desactivar o eliminar las Cookies?<\/strong><\/p><p>Puede permitir, bloquear o eliminar las cookies instaladas en su equipo mediante la configuraci\u00f3n de las opciones del navegador instalado en su ordenador. En los siguientes enlaces encontrar\u00e1 informaci\u00f3n adicional sobre las opciones de configuraci\u00f3n de las cookies en los distintos navegadores.<\/p><p class=\"western\">Internet Explorer: <span style=\"color: #0000ff;\"><u><a href=\"https:\/\/support.microsoft.com\/es-es\/topic\/c%C3%B3mo-eliminar-archivos-de-cookies-en-internet-explorer-bca9446f-d873-78de-77ba-d42645fa52fc\">https:\/\/support.microsoft.com\/es-es\/topic\/c%C3%B3mo-eliminar-archivos-de-cookies-en-internet-explorer-bca9446f-d873-78de-77ba-d42645fa52fc<\/a><\/u><\/span><\/p><p class=\"western\">GoogleChrome:<span style=\"color: #0000ff;\"><u><a href=\"https:\/\/support.google.com\/chrome\/answer\/95647?co=GENIE.Platform%3DDesktop&amp;hl=es\">https:\/\/support.google.com\/chrome\/answer\/95647?co=GENIE.Platform%3DDesktop&amp;hl=es<\/a><\/u><\/span><\/p><p class=\"western\">Firefox:\u00a0<span style=\"color: #0000ff;\"><u><a href=\"https:\/\/support.mozilla.org\/es\/kb\/Deshabilitar%20cookies%20de%20terceros\">https:\/\/support.mozilla.org\/es\/kb\/Deshabilitar%20cookies%20de%20terceros<\/a><\/u><\/span><\/p><p class=\"western\">Safari:\u00a0<span style=\"color: #0000ff;\"><u><a href=\"https:\/\/support.apple.com\/es-es\/guide\/safari\/sfri11471\/mac\">https:\/\/support.apple.com\/es-es\/guide\/safari\/sfri11471\/mac<\/a><\/u><\/span><\/p><p><strong>\u00bfExiste transferencia internacional de datos?<\/strong><\/p><p>Las cookies de terceros pueden estar almacenadas en servidores situados fuera del Espacio Econ\u00f3mico Europeo. Puede obtener m\u00e1s informaci\u00f3n sobre estas cookies a trav\u00e9s del siguiente enlace:\u00a0<a href=\"https:\/\/policies.google.com\/technologies\/cookies?hl=es\"><span style=\"color: #0070c0;\"><u>Google<\/u><\/span><\/a><span style=\"color: #0070c0;\">.<\/span><\/p><p class=\"western\">\u00a0<\/p><p><strong>M\u00e1s informaci\u00f3n relativa al tratamiento de sus datos:<\/strong><\/p><p>Si desea obtener m\u00e1s informaci\u00f3n sobre quien es el responsable del tratamiento de sus datos, sobre sus derechos y sobre la forma en la que puede ejercitarlos podr\u00e1 hacerlo a trav\u00e9s del apartado de <a href=\"https:\/\/vincios.org\/gl\/node\/110\">Pol\u00edtica de Privacidad<\/a>.<\/p><\/div>\t\t\t\t\t\t\t\t<\/div>\n\t\t\t\t\t<\/div>\n\t\t\t\t<\/div>\n\t\t\t\t<\/div>","protected":false},"excerpt":{"rendered":"<p>Pol\u00edtica de cookies \u00bfQue son las Cookies? Una cookie es un fichero que se descarga en tu ordenador al acceder a determinadas p\u00e1ginas web. Las cookies permiten a una p\u00e1gina web, entre otras cosas, almacenar y recuperar informaci\u00f3n sobre los h\u00e1bitos de navegaci\u00f3n de un usuario o de su equipo, gestionar el acceso de usuarios [&hellip;]<\/p>","protected":false},"author":1,"featured_media":0,"parent":0,"menu_order":0,"comment_status":"closed","ping_status":"closed","template":"","meta":{"footnotes":""},"class_list":["post-3102","page","type-page","status-publish","hentry"],"yoast_head":"<!-- This site is optimized with the Yoast SEO plugin v26.2 - https:\/\/yoast.com\/wordpress\/plugins\/seo\/ -->\n<title>Pol\u00edtica de cookies - Marketplace Comunidade de Montes Veci\u00f1ais en Man Com\u00fan de Vincios<\/title>\n<meta name=\"robots\" content=\"index, follow, max-snippet:-1, max-image-preview:large, max-video-preview:-1\" \/>\n<link rel=\"canonical\" href=\"https:\/\/marketplace.vincios.org\/es\/politica-de-cookies\/\" \/>\n<meta property=\"og:locale\" content=\"es_ES\" \/>\n<meta property=\"og:type\" content=\"article\" \/>\n<meta property=\"og:title\" content=\"Pol\u00edtica de cookies - Marketplace Comunidade de Montes Veci\u00f1ais en Man Com\u00fan de Vincios\" \/>\n<meta property=\"og:description\" content=\"Pol\u00edtica de cookies \u00bfQue son las Cookies? Una cookie es un fichero que se descarga en tu ordenador al acceder a determinadas p\u00e1ginas web. Las cookies permiten a una p\u00e1gina web, entre otras cosas, almacenar y recuperar informaci\u00f3n sobre los h\u00e1bitos de navegaci\u00f3n de un usuario o de su equipo, gestionar el acceso de usuarios [&hellip;]\" \/>\n<meta property=\"og:url\" content=\"https:\/\/marketplace.vincios.org\/es\/politica-de-cookies\/\" \/>\n<meta property=\"og:site_name\" content=\"Marketplace Comunidade de Montes Veci\u00f1ais en Man Com\u00fan de Vincios\" \/>\n<meta property=\"article:modified_time\" content=\"2025-10-27T13:39:04+00:00\" \/>\n<meta name=\"twitter:card\" content=\"summary_large_image\" \/>\n<script type=\"application\/ld+json\" class=\"yoast-schema-graph\">{\"@context\":\"https:\/\/schema.org\",\"@graph\":[{\"@type\":\"WebPage\",\"@id\":\"https:\/\/marketplace.vincios.org\/politica-de-cookies\/\",\"url\":\"https:\/\/marketplace.vincios.org\/politica-de-cookies\/\",\"name\":\"Pol\u00edtica de cookies - Marketplace Comunidade de Montes Veci\u00f1ais en Man Com\u00fan de Vincios\",\"isPartOf\":{\"@id\":\"https:\/\/marketplace.vincios.org\/#website\"},\"datePublished\":\"2025-10-27T13:28:21+00:00\",\"dateModified\":\"2025-10-27T13:39:04+00:00\",\"breadcrumb\":{\"@id\":\"https:\/\/marketplace.vincios.org\/politica-de-cookies\/#breadcrumb\"},\"inLanguage\":\"es\",\"potentialAction\":[{\"@type\":\"ReadAction\",\"target\":[\"https:\/\/marketplace.vincios.org\/politica-de-cookies\/\"]}]},{\"@type\":\"BreadcrumbList\",\"@id\":\"https:\/\/marketplace.vincios.org\/politica-de-cookies\/#breadcrumb\",\"itemListElement\":[{\"@type\":\"ListItem\",\"position\":1,\"name\":\"Inicio\",\"item\":\"https:\/\/marketplace.vincios.org\/\"},{\"@type\":\"ListItem\",\"position\":2,\"name\":\"Pol\u00edtica de cookies\"}]},{\"@type\":\"WebSite\",\"@id\":\"https:\/\/marketplace.vincios.org\/#website\",\"url\":\"https:\/\/marketplace.vincios.org\/\",\"name\":\"Marketplace Comunidade de Montes Veci\u00f1ais en Man Com\u00fan de Vincios\",\"description\":\"\",\"potentialAction\":[{\"@type\":\"SearchAction\",\"target\":{\"@type\":\"EntryPoint\",\"urlTemplate\":\"https:\/\/marketplace.vincios.org\/?s={search_term_string}\"},\"query-input\":{\"@type\":\"PropertyValueSpecification\",\"valueRequired\":true,\"valueName\":\"search_term_string\"}}],\"inLanguage\":\"es\"}]}<\/script>\n<!-- \/ Yoast SEO plugin. -->","yoast_head_json":{"title":"Pol\u00edtica de cookies - Marketplace Comunidade de Montes Veci\u00f1ais en Man Com\u00fan de Vincios","robots":{"index":"index","follow":"follow","max-snippet":"max-snippet:-1","max-image-preview":"max-image-preview:large","max-video-preview":"max-video-preview:-1"},"canonical":"https:\/\/marketplace.vincios.org\/es\/politica-de-cookies\/","og_locale":"es_ES","og_type":"article","og_title":"Pol\u00edtica de cookies - Marketplace Comunidade de Montes Veci\u00f1ais en Man Com\u00fan de Vincios","og_description":"Pol\u00edtica de cookies \u00bfQue son las Cookies? Una cookie es un fichero que se descarga en tu ordenador al acceder a determinadas p\u00e1ginas web. Las cookies permiten a una p\u00e1gina web, entre otras cosas, almacenar y recuperar informaci\u00f3n sobre los h\u00e1bitos de navegaci\u00f3n de un usuario o de su equipo, gestionar el acceso de usuarios [&hellip;]","og_url":"https:\/\/marketplace.vincios.org\/es\/politica-de-cookies\/","og_site_name":"Marketplace Comunidade de Montes Veci\u00f1ais en Man Com\u00fan de Vincios","article_modified_time":"2025-10-27T13:39:04+00:00","twitter_card":"summary_large_image","schema":{"@context":"https:\/\/schema.org","@graph":[{"@type":"WebPage","@id":"https:\/\/marketplace.vincios.org\/politica-de-cookies\/","url":"https:\/\/marketplace.vincios.org\/politica-de-cookies\/","name":"Pol\u00edtica de cookies - Marketplace Comunidade de Montes Veci\u00f1ais en Man Com\u00fan de Vincios","isPartOf":{"@id":"https:\/\/marketplace.vincios.org\/#website"},"datePublished":"2025-10-27T13:28:21+00:00","dateModified":"2025-10-27T13:39:04+00:00","breadcrumb":{"@id":"https:\/\/marketplace.vincios.org\/politica-de-cookies\/#breadcrumb"},"inLanguage":"es","potentialAction":[{"@type":"ReadAction","target":["https:\/\/marketplace.vincios.org\/politica-de-cookies\/"]}]},{"@type":"BreadcrumbList","@id":"https:\/\/marketplace.vincios.org\/politica-de-cookies\/#breadcrumb","itemListElement":[{"@type":"ListItem","position":1,"name":"Inicio","item":"https:\/\/marketplace.vincios.org\/"},{"@type":"ListItem","position":2,"name":"Pol\u00edtica de cookies"}]},{"@type":"WebSite","@id":"https:\/\/marketplace.vincios.org\/#website","url":"https:\/\/marketplace.vincios.org\/","name":"Marketplace Comunidade de Montes Veci\u00f1ais en Man Com\u00fan de Vincios","description":"","potentialAction":[{"@type":"SearchAction","target":{"@type":"EntryPoint","urlTemplate":"https:\/\/marketplace.vincios.org\/?s={search_term_string}"},"query-input":{"@type":"PropertyValueSpecification","valueRequired":true,"valueName":"search_term_string"}}],"inLanguage":"es"}]}},"_links":{"self":[{"href":"https:\/\/marketplace.vincios.org\/es\/wp-json\/wp\/v2\/pages\/3102","targetHints":{"allow":["GET"]}}],"collection":[{"href":"https:\/\/marketplace.vincios.org\/es\/wp-json\/wp\/v2\/pages"}],"about":[{"href":"https:\/\/marketplace.vincios.org\/es\/wp-json\/wp\/v2\/types\/page"}],"author":[{"embeddable":true,"href":"https:\/\/marketplace.vincios.org\/es\/wp-json\/wp\/v2\/users\/1"}],"replies":[{"embeddable":true,"href":"https:\/\/marketplace.vincios.org\/es\/wp-json\/wp\/v2\/comments?post=3102"}],"version-history":[{"count":3,"href":"https:\/\/marketplace.vincios.org\/es\/wp-json\/wp\/v2\/pages\/3102\/revisions"}],"predecessor-version":[{"id":3121,"href":"https:\/\/marketplace.vincios.org\/es\/wp-json\/wp\/v2\/pages\/3102\/revisions\/3121"}],"wp:attachment":[{"href":"https:\/\/marketplace.vincios.org\/es\/wp-json\/wp\/v2\/media?parent=3102"}],"curies":[{"name":"wp","href":"https:\/\/api.w.org\/{rel}","templated":true}]}}