{"id":3103,"date":"2025-10-27T14:30:11","date_gmt":"2025-10-27T13:30:11","guid":{"rendered":"https:\/\/marketplace.vincios.org\/?page_id=3103"},"modified":"2025-10-27T14:32:07","modified_gmt":"2025-10-27T13:32:07","slug":"politica-de-privacidade","status":"publish","type":"page","link":"https:\/\/marketplace.vincios.org\/es\/politica-de-privacidade\/","title":{"rendered":"Pol\u00edtica de privacidade"},"content":{"rendered":"<style>.elementor-3103 .elementor-element.elementor-element-70fa44a:not(.elementor-motion-effects-element-type-background), .elementor-3103 .elementor-element.elementor-element-70fa44a > .elementor-motion-effects-container > .elementor-motion-effects-layer{background-image:url(\"https:\/\/marketplace.vincios.org\/wp-content\/uploads\/2025\/07\/188034085_809262636632138_4185876163313321081_n.jpg\");background-position:center center;background-size:cover;}.elementor-3103 .elementor-element.elementor-element-70fa44a > .elementor-background-overlay{background-color:var( --e-global-color-faf5d15 );opacity:0.17;transition:background 0.3s, border-radius 0.3s, opacity 0.3s;}.elementor-3103 .elementor-element.elementor-element-70fa44a{transition:background 0.3s, border 0.3s, border-radius 0.3s, box-shadow 0.3s;margin-top:0px;margin-bottom:0px;padding:175px 0px 150px 0px;}.elementor-3103 .elementor-element.elementor-element-bd843ce.elementor-column > .elementor-widget-wrap{justify-content:center;}.elementor-3103 .elementor-element.elementor-element-bd843ce > .elementor-element-populated{margin:0px 0px 0px 0px;--e-column-margin-right:0px;--e-column-margin-left:0px;padding:0px 0px 0px 0px;}.elementor-3103 .elementor-element.elementor-element-020f120{text-align:center;}.elementor-3103 .elementor-element.elementor-element-020f120 .elementor-heading-title{font-family:var( --e-global-typography-e23dabf-font-family ), Sans-serif;font-size:var( --e-global-typography-e23dabf-font-size );font-weight:var( --e-global-typography-e23dabf-font-weight );text-transform:var( --e-global-typography-e23dabf-text-transform );line-height:var( --e-global-typography-e23dabf-line-height );word-spacing:var( --e-global-typography-e23dabf-word-spacing );color:var( --e-global-color-e64be90 );}.elementor-3103 .elementor-element.elementor-element-7dbcb84{--display:flex;--flex-direction:column;--container-widget-width:100%;--container-widget-height:initial;--container-widget-flex-grow:0;--container-widget-align-self:initial;--flex-wrap-mobile:wrap;}.elementor-3103 .elementor-element.elementor-element-56f9403{margin:60px 0px calc(var(--kit-widget-spacing, 0px) + 0px) 0px;}:root{--page-title-display:none;}@media(max-width:1024px){.elementor-3103 .elementor-element.elementor-element-020f120 .elementor-heading-title{font-size:var( --e-global-typography-e23dabf-font-size );line-height:var( --e-global-typography-e23dabf-line-height );word-spacing:var( --e-global-typography-e23dabf-word-spacing );}}@media(max-width:767px){.elementor-3103 .elementor-element.elementor-element-70fa44a{padding:200px 20px 115px 20px;}.elementor-3103 .elementor-element.elementor-element-020f120 .elementor-heading-title{font-size:var( --e-global-typography-e23dabf-font-size );line-height:var( --e-global-typography-e23dabf-line-height );word-spacing:var( --e-global-typography-e23dabf-word-spacing );}}<\/style>\t\t<div data-elementor-type=\"wp-page\" data-elementor-id=\"3103\" class=\"elementor elementor-3103\" data-elementor-post-type=\"page\">\n\t\t\t\t\t\t<section class=\"elementor-section elementor-top-section elementor-element elementor-element-70fa44a elementor-section-boxed elementor-section-height-default elementor-section-height-default\" data-id=\"70fa44a\" data-element_type=\"section\" data-settings=\"{&quot;background_background&quot;:&quot;classic&quot;}\">\n\t\t\t\t\t\t\t<div class=\"elementor-background-overlay\"><\/div>\n\t\t\t\t\t\t\t<div class=\"elementor-container elementor-column-gap-default\">\n\t\t\t\t\t<div class=\"elementor-column elementor-col-100 elementor-top-column elementor-element elementor-element-bd843ce\" data-id=\"bd843ce\" data-element_type=\"column\">\n\t\t\t<div class=\"elementor-widget-wrap elementor-element-populated\">\n\t\t\t\t\t\t<div class=\"elementor-element elementor-element-020f120 elementor-widget elementor-widget-heading\" data-id=\"020f120\" data-element_type=\"widget\" data-widget_type=\"heading.default\">\n\t\t\t\t\t<h1 class=\"elementor-heading-title elementor-size-default\">Pol\u00edtica de privacidade<\/h1>\t\t\t\t<\/div>\n\t\t\t\t\t<\/div>\n\t\t<\/div>\n\t\t\t\t\t<\/div>\n\t\t<\/section>\n\t\t<div class=\"elementor-element elementor-element-7dbcb84 e-flex e-con-boxed e-con e-parent\" data-id=\"7dbcb84\" data-element_type=\"container\">\n\t\t\t\t\t<div class=\"e-con-inner\">\n\t\t\t\t<div class=\"elementor-element elementor-element-56f9403 elementor-widget elementor-widget-text-editor\" data-id=\"56f9403\" data-element_type=\"widget\" data-widget_type=\"text-editor.default\">\n\t\t\t\t\t\t\t\t\t<div class=\"field field--name-body field--type-text-with-summary field--label-hidden field--item\"><p><strong>AVISO LEGAL<\/strong><\/p><p>C.M.V.M.C. DE VINCIOS, en cumplimiento de la Ley 34\/2002, de 11 de julio, de Servicios de la Sociedad de la Informaci\u00f3n y de Comercio Electr\u00f3nico, le informa:<\/p><p>&#8211; Su denominaci\u00f3n social es C.M.V.M.C. DE VINCIOS<\/p><p>&#8211; Su NIF es V36686186<\/p><p>&#8211; Su domicilio se ubica en Calle Pi\u00f1eiro, 22, 36316, Vincios (Pontevedra) Espa\u00f1a<\/p><p>&#8211; Su tel\u00e9fono de contacto es 986 46 96 92<\/p><p>&#8211; Y dispone de la siguiente direcci\u00f3n de correo electr\u00f3nico de contacto info@vincios.org<\/p><p>&#8211; Debidamente inscrito en el Registro General de Montes Vecinales en Mano Com\u00fan conforme a la Ley 13\/1989, de 10 de octubre, de montes vecinales en mano com\u00fan.<\/p><p><strong>PROTECCI\u00d3N DE DATOS PERSONALES<\/strong><\/p><p>Los datos personales vinculados a esta web respetan las exigencias del Reglamento (UE) 2016\/679 RGPD y LOPDGDD 3\/2018.<\/p><p><strong>\u00bfQui\u00e9n es el Responsable del tratamiento?<\/strong><\/p><p>C.M.V.M.C. DE VINCIOS<\/p><p>NIF: V36686186<\/p><p>Direcci\u00f3n: Calle Pi\u00f1eiro, 22, 36316, Vincios (Pontevedra) Espa\u00f1a<\/p><p>Tel\u00e9fono: 986 46 96 92<\/p><p>Correo electr\u00f3nico: info@vincios.org<\/p><p><strong>\u00bfCu\u00e1l es la finalidad y legitimaci\u00f3n con las que tratamos sus datos?<\/strong><\/p><p>Gestionar las solicitudes de informaci\u00f3n, dudas, consultas, sugerencias o quejas que se plantean a trav\u00e9s del formulario de \u201cContacto\u201d y del resto de medios habilitados en la web para contactar con la entidad. Podemos tratar sus datos con esta finalidad porque tenemos un inter\u00e9s leg\u00edtimo en atender a las comunicaciones necesarias para llevar a cabo nuestra actividad.<\/p><p><strong>\u00bfDurante cu\u00e1nto tiempo conservaremos sus datos?<\/strong><\/p><p>Sus datos se conservar\u00e1n durante el tiempo necesario para alcanzar la finalidad indicada en el apartado anterior.<\/p><p><strong>\u00bfA qu\u00e9 destinatarios se comunicar\u00e1n sus datos? <\/strong><\/p><p>Se comunicar\u00e1n sus datos a nuestros encargados de tratamiento cuando sea necesario para la correcta prestaci\u00f3n de los servicios contratados a los mismos.<\/p><p><strong>\u00bfSe realizar\u00e1n transferencias internacionales de datos? <\/strong><\/p><p>No se realizar\u00e1n transferencias internacionales de datos.<\/p><p><strong>\u00bfCu\u00e1les son sus derechos cuando nos facilita sus datos personales? <\/strong><\/p><p>&#8211; Acceso: derecho a obtener confirmaci\u00f3n sobre si estamos tratando datos personales suyos o no, a saber, cu\u00e1les son, para que se usan, cuanto tiempo se van a guardar, el origen de los mismos y si se han comunicado o se van a comunicar a un tercero.<\/p><p>&#8211; Rectificaci\u00f3n: derecho a solicitar la rectificaci\u00f3n de los datos inexactos y a que se completen los datos personales incompletos.<\/p><p>&#8211; Supresi\u00f3n: derecho a solicitar la supresi\u00f3n de los datos de car\u00e1cter personal cuando sean inadecuados, excesivos o ya no sean necesarios para los fines para los que fueron recogidos, incluido el derecho al olvido.<\/p><p>&#8211; Oposici\u00f3n: derecho a oponerse, en determinadas circunstancias, a que se realice el tratamiento de sus datos personales o a solicitar que se cese en el tratamiento.<\/p><p>&#8211; Limitaci\u00f3n del Tratamiento: derecho a solicitar, en las circunstancias establecidas legalmente, que no se traten sus datos m\u00e1s all\u00e1 de la mera conservaci\u00f3n de los mismos.<\/p><p>&#8211; Portabilidad: derecho a recibir los datos de car\u00e1cter personal en un formato estructurado, de uso com\u00fan y lectura mec\u00e1nica, y poder transmitirlos a otro responsable, siempre que sea t\u00e9cnicamente posible.<\/p><p><strong>\u00bfD\u00f3nde podr\u00e1 ejercitar sus derechos? <\/strong><\/p><p>El ejercicio de derechos deber\u00e1 efectuarse por escrito, dirigi\u00e9ndose a Calle Pi\u00f1eiro, 22, 36316, Vincios, Espa\u00f1a o al correo electr\u00f3nico info@vincios.org. C.M.V.M.C. DE VINCIOS pone a su disposici\u00f3n modelos para la realizaci\u00f3n del ejercicio de derechos que pueden obtenerse en la direcci\u00f3n o a trav\u00e9s del correo electr\u00f3nico indicado anteriormente. Para m\u00e1s informaci\u00f3n: www.aepd.es.<\/p><p>\u00a0<\/p><p><strong>\u00bfDerecho de reclamaci\u00f3n ante la Autoridad de Control? <\/strong><\/p><p>En el caso de que no se hayan respetado sus derechos puede presentar una reclamaci\u00f3n dirigi\u00e9ndose por escrito a la Agencia Espa\u00f1ola de Protecci\u00f3n de Datos sita en la calle Jorge Juan, 6-28001-Madrid o utilizar la sede electr\u00f3nica: https:\/\/sedeagpd.gob. En ambos casos, deber\u00e1 acompa\u00f1ar la documentaci\u00f3n pertinente.<\/p><\/div>\t\t\t\t\t\t\t\t<\/div>\n\t\t\t\t\t<\/div>\n\t\t\t\t<\/div>\n\t\t\t\t<\/div>","protected":false},"excerpt":{"rendered":"<p>Pol\u00edtica de privacidade AVISO LEGAL C.M.V.M.C. DE VINCIOS, en cumplimiento de la Ley 34\/2002, de 11 de julio, de Servicios de la Sociedad de la Informaci\u00f3n y de Comercio Electr\u00f3nico, le informa: &#8211; Su denominaci\u00f3n social es C.M.V.M.C. DE VINCIOS &#8211; Su NIF es V36686186 &#8211; Su domicilio se ubica en Calle Pi\u00f1eiro, 22, 36316, [&hellip;]<\/p>","protected":false},"author":1,"featured_media":0,"parent":0,"menu_order":0,"comment_status":"closed","ping_status":"closed","template":"","meta":{"footnotes":""},"class_list":["post-3103","page","type-page","status-publish","hentry"],"yoast_head":"<!-- This site is optimized with the Yoast SEO plugin v26.2 - https:\/\/yoast.com\/wordpress\/plugins\/seo\/ -->\n<title>Pol\u00edtica de privacidade - Marketplace Comunidade de Montes Veci\u00f1ais en Man Com\u00fan de Vincios<\/title>\n<meta name=\"robots\" content=\"index, follow, max-snippet:-1, max-image-preview:large, max-video-preview:-1\" \/>\n<link rel=\"canonical\" href=\"https:\/\/marketplace.vincios.org\/es\/politica-de-privacidade\/\" \/>\n<meta property=\"og:locale\" content=\"es_ES\" \/>\n<meta property=\"og:type\" content=\"article\" \/>\n<meta property=\"og:title\" content=\"Pol\u00edtica de privacidade - Marketplace Comunidade de Montes Veci\u00f1ais en Man Com\u00fan de Vincios\" \/>\n<meta property=\"og:description\" content=\"Pol\u00edtica de privacidade AVISO LEGAL C.M.V.M.C. DE VINCIOS, en cumplimiento de la Ley 34\/2002, de 11 de julio, de Servicios de la Sociedad de la Informaci\u00f3n y de Comercio Electr\u00f3nico, le informa: &#8211; Su denominaci\u00f3n social es C.M.V.M.C. DE VINCIOS &#8211; Su NIF es V36686186 &#8211; Su domicilio se ubica en Calle Pi\u00f1eiro, 22, 36316, [&hellip;]\" \/>\n<meta property=\"og:url\" content=\"https:\/\/marketplace.vincios.org\/es\/politica-de-privacidade\/\" \/>\n<meta property=\"og:site_name\" content=\"Marketplace Comunidade de Montes Veci\u00f1ais en Man Com\u00fan de Vincios\" \/>\n<meta property=\"article:modified_time\" content=\"2025-10-27T13:32:07+00:00\" \/>\n<meta name=\"twitter:card\" content=\"summary_large_image\" \/>\n<script type=\"application\/ld+json\" class=\"yoast-schema-graph\">{\"@context\":\"https:\/\/schema.org\",\"@graph\":[{\"@type\":\"WebPage\",\"@id\":\"https:\/\/marketplace.vincios.org\/politica-de-privacidade\/\",\"url\":\"https:\/\/marketplace.vincios.org\/politica-de-privacidade\/\",\"name\":\"Pol\u00edtica de privacidade - Marketplace Comunidade de Montes Veci\u00f1ais en Man Com\u00fan de Vincios\",\"isPartOf\":{\"@id\":\"https:\/\/marketplace.vincios.org\/#website\"},\"datePublished\":\"2025-10-27T13:30:11+00:00\",\"dateModified\":\"2025-10-27T13:32:07+00:00\",\"breadcrumb\":{\"@id\":\"https:\/\/marketplace.vincios.org\/politica-de-privacidade\/#breadcrumb\"},\"inLanguage\":\"es\",\"potentialAction\":[{\"@type\":\"ReadAction\",\"target\":[\"https:\/\/marketplace.vincios.org\/politica-de-privacidade\/\"]}]},{\"@type\":\"BreadcrumbList\",\"@id\":\"https:\/\/marketplace.vincios.org\/politica-de-privacidade\/#breadcrumb\",\"itemListElement\":[{\"@type\":\"ListItem\",\"position\":1,\"name\":\"Inicio\",\"item\":\"https:\/\/marketplace.vincios.org\/\"},{\"@type\":\"ListItem\",\"position\":2,\"name\":\"Pol\u00edtica de privacidade\"}]},{\"@type\":\"WebSite\",\"@id\":\"https:\/\/marketplace.vincios.org\/#website\",\"url\":\"https:\/\/marketplace.vincios.org\/\",\"name\":\"Marketplace Comunidade de Montes Veci\u00f1ais en Man Com\u00fan de Vincios\",\"description\":\"\",\"potentialAction\":[{\"@type\":\"SearchAction\",\"target\":{\"@type\":\"EntryPoint\",\"urlTemplate\":\"https:\/\/marketplace.vincios.org\/?s={search_term_string}\"},\"query-input\":{\"@type\":\"PropertyValueSpecification\",\"valueRequired\":true,\"valueName\":\"search_term_string\"}}],\"inLanguage\":\"es\"}]}<\/script>\n<!-- \/ Yoast SEO plugin. -->","yoast_head_json":{"title":"Pol\u00edtica de privacidade - Marketplace Comunidade de Montes Veci\u00f1ais en Man Com\u00fan de Vincios","robots":{"index":"index","follow":"follow","max-snippet":"max-snippet:-1","max-image-preview":"max-image-preview:large","max-video-preview":"max-video-preview:-1"},"canonical":"https:\/\/marketplace.vincios.org\/es\/politica-de-privacidade\/","og_locale":"es_ES","og_type":"article","og_title":"Pol\u00edtica de privacidade - Marketplace Comunidade de Montes Veci\u00f1ais en Man Com\u00fan de Vincios","og_description":"Pol\u00edtica de privacidade AVISO LEGAL C.M.V.M.C. DE VINCIOS, en cumplimiento de la Ley 34\/2002, de 11 de julio, de Servicios de la Sociedad de la Informaci\u00f3n y de Comercio Electr\u00f3nico, le informa: &#8211; Su denominaci\u00f3n social es C.M.V.M.C. DE VINCIOS &#8211; Su NIF es V36686186 &#8211; Su domicilio se ubica en Calle Pi\u00f1eiro, 22, 36316, [&hellip;]","og_url":"https:\/\/marketplace.vincios.org\/es\/politica-de-privacidade\/","og_site_name":"Marketplace Comunidade de Montes Veci\u00f1ais en Man Com\u00fan de Vincios","article_modified_time":"2025-10-27T13:32:07+00:00","twitter_card":"summary_large_image","schema":{"@context":"https:\/\/schema.org","@graph":[{"@type":"WebPage","@id":"https:\/\/marketplace.vincios.org\/politica-de-privacidade\/","url":"https:\/\/marketplace.vincios.org\/politica-de-privacidade\/","name":"Pol\u00edtica de privacidade - Marketplace Comunidade de Montes Veci\u00f1ais en Man Com\u00fan de Vincios","isPartOf":{"@id":"https:\/\/marketplace.vincios.org\/#website"},"datePublished":"2025-10-27T13:30:11+00:00","dateModified":"2025-10-27T13:32:07+00:00","breadcrumb":{"@id":"https:\/\/marketplace.vincios.org\/politica-de-privacidade\/#breadcrumb"},"inLanguage":"es","potentialAction":[{"@type":"ReadAction","target":["https:\/\/marketplace.vincios.org\/politica-de-privacidade\/"]}]},{"@type":"BreadcrumbList","@id":"https:\/\/marketplace.vincios.org\/politica-de-privacidade\/#breadcrumb","itemListElement":[{"@type":"ListItem","position":1,"name":"Inicio","item":"https:\/\/marketplace.vincios.org\/"},{"@type":"ListItem","position":2,"name":"Pol\u00edtica de privacidade"}]},{"@type":"WebSite","@id":"https:\/\/marketplace.vincios.org\/#website","url":"https:\/\/marketplace.vincios.org\/","name":"Marketplace Comunidade de Montes Veci\u00f1ais en Man Com\u00fan de Vincios","description":"","potentialAction":[{"@type":"SearchAction","target":{"@type":"EntryPoint","urlTemplate":"https:\/\/marketplace.vincios.org\/?s={search_term_string}"},"query-input":{"@type":"PropertyValueSpecification","valueRequired":true,"valueName":"search_term_string"}}],"inLanguage":"es"}]}},"_links":{"self":[{"href":"https:\/\/marketplace.vincios.org\/es\/wp-json\/wp\/v2\/pages\/3103","targetHints":{"allow":["GET"]}}],"collection":[{"href":"https:\/\/marketplace.vincios.org\/es\/wp-json\/wp\/v2\/pages"}],"about":[{"href":"https:\/\/marketplace.vincios.org\/es\/wp-json\/wp\/v2\/types\/page"}],"author":[{"embeddable":true,"href":"https:\/\/marketplace.vincios.org\/es\/wp-json\/wp\/v2\/users\/1"}],"replies":[{"embeddable":true,"href":"https:\/\/marketplace.vincios.org\/es\/wp-json\/wp\/v2\/comments?post=3103"}],"version-history":[{"count":7,"href":"https:\/\/marketplace.vincios.org\/es\/wp-json\/wp\/v2\/pages\/3103\/revisions"}],"predecessor-version":[{"id":3110,"href":"https:\/\/marketplace.vincios.org\/es\/wp-json\/wp\/v2\/pages\/3103\/revisions\/3110"}],"wp:attachment":[{"href":"https:\/\/marketplace.vincios.org\/es\/wp-json\/wp\/v2\/media?parent=3103"}],"curies":[{"name":"wp","href":"https:\/\/api.w.org\/{rel}","templated":true}]}}